{"id":42,"date":"2017-06-16T10:38:36","date_gmt":"2017-06-16T10:38:36","guid":{"rendered":"http:\/\/printservice.ro\/printservice\/?page_id=42"},"modified":"2017-12-05T08:50:50","modified_gmt":"2017-12-05T08:50:50","slug":"home","status":"publish","type":"page","link":"http:\/\/printservice.ro\/printservice\/","title":{"rendered":"Home"},"content":{"rendered":"<p>[et_pb_section bb_built=&#8221;1&#8243; admin_label=&#8221;section&#8221; background_color=&#8221;#e02b20&#8243; fullwidth=&#8221;on&#8221; disabled_on=&#8221;on||&#8221; _builder_version=&#8221;3.0.89&#8243; background_size=&#8221;initial&#8221; custom_margin=&#8221;-100px||-200px|&#8221;][et_pb_fullwidth_slider show_inner_shadow=&#8221;off&#8221; show_content_on_mobile=&#8221;off&#8221; show_cta_on_mobile=&#8221;off&#8221; module_class=&#8221;et_fullscreen_slider&#8221; _builder_version=&#8221;3.0.89&#8243; body_font=&#8221;Cuprum|on|on||&#8221; body_font_size=&#8221;22&#8243; body_text_color=&#8221;#e02b20&#8243; background_image=&#8221;http:\/\/printservice.ro\/printservice\/wp-content\/uploads\/2017\/06\/sand-2005066_1920-e1499879024628.jpg&#8221; background_position=&#8221;top_center&#8221; custom_margin=&#8221;0px||0px|&#8221; custom_padding=&#8221;|||&#8221; custom_button=&#8221;on&#8221; button_text_color=&#8221;#ffffff&#8221; button_bg_color=&#8221;#e02b20&#8243; button_border_color=&#8221;#e02b20&#8243; button_icon=&#8221;%%32%%&#8221; button_icon_color=&#8221;#e02b20&#8243; button_text_color_hover=&#8221;#e02b20&#8243; button_bg_color_hover=&#8221;#ffffff&#8221; button_border_radius_hover=&#8221;7&#8243; remove_inner_shadow=&#8221;off&#8221; hide_content_on_mobile=&#8221;off&#8221; hide_cta_on_mobile=&#8221;off&#8221; show_arrows=&#8221;on&#8221; show_pagination=&#8221;on&#8221; button_icon_placement=&#8221;right&#8221; show_image_video_mobile=&#8221;off&#8221;] [et_pb_slide heading=&#8221;Imprimante&#8221; button_text=&#8221;Click&#8221; button_link=&#8221;http:\/\/printservice.ro\/printservice\/imprimante\/&#8221; image=&#8221;http:\/\/printservice.ro\/printservice\/wp-content\/uploads\/2017\/06\/background-2416472_1920.jpg&#8221; use_bg_overlay=&#8221;off&#8221; use_text_overlay=&#8221;on&#8221; text_overlay_color=&#8221;rgba(0,0,0,0.12)&#8221; admin_title=&#8221;Imprimante&#8221; _builder_version=&#8221;3.0.89&#8243; header_font=&#8221;||||&#8221; header_text_color=&#8221;#e02b20&#8243; body_font=&#8221;||||&#8221; body_font_size=&#8221;22px&#8221; body_font_size_tablet=&#8221;48px&#8221; body_font_size_phone=&#8221;48px&#8221; body_line_height=&#8221;2.2em&#8221; body_line_height_tablet=&#8221;2.2em&#8221; body_line_height_phone=&#8221;2.2em&#8221; background_color=&#8221;#efefef&#8221; custom_padding=&#8221;-100px||-100px|&#8221; custom_padding_tablet=&#8221;-100px||-100px|&#8221; custom_padding_phone=&#8221;-100px||-100px|&#8221; custom_button=&#8221;off&#8221;]<\/p>\n<p>&nbsp;<\/p>\n<p>&nbsp;<\/p>\n<h2>\u00a0oferim suport pentru imprimante de calitate \u00a0&#8230;etc etc tec<\/h2>\n<p>&nbsp;<\/p>\n<p>&nbsp;<\/p>\n<p>&nbsp;<\/p>\n<p>[\/et_pb_slide][et_pb_slide heading=&#8221;Cerneluri&#8221; button_text=&#8221;Click&#8221; button_link=&#8221;http:\/\/printservice.ro\/printservice\/cerneluri\/&#8221; image=&#8221;http:\/\/printservice.ro\/printservice\/wp-content\/uploads\/2017\/06\/background-2390641_1920.jpg&#8221; use_bg_overlay=&#8221;off&#8221; use_text_overlay=&#8221;on&#8221; text_overlay_color=&#8221;rgba(0,0,0,0.12)&#8221; admin_title=&#8221;cerneluri &#8221; _builder_version=&#8221;3.0.89&#8243; header_font=&#8221;||||&#8221; header_text_color=&#8221;#e02b20&#8243; body_font=&#8221;||||&#8221; body_text_color=&#8221;#ffffff&#8221; background_color=&#8221;#efefef&#8221; custom_button=&#8221;off&#8221; use_background_color_gradient=&#8221;off&#8221; background_color_gradient_start=&#8221;#2b87da&#8221; background_color_gradient_end=&#8221;#29c4a9&#8243; background_color_gradient_type=&#8221;linear&#8221; background_color_gradient_direction=&#8221;180deg&#8221; background_color_gradient_direction_radial=&#8221;center&#8221; background_color_gradient_start_position=&#8221;0%&#8221; background_color_gradient_end_position=&#8221;100%&#8221; background_color_gradient_overlays_image=&#8221;off&#8221; parallax=&#8221;off&#8221; parallax_method=&#8221;on&#8221; background_size=&#8221;cover&#8221; background_position=&#8221;center&#8221; background_repeat=&#8221;no-repeat&#8221; background_blend=&#8221;normal&#8221; allow_player_pause=&#8221;off&#8221; text_border_radius=&#8221;3&#8243; alignment=&#8221;center&#8221; background_layout=&#8221;dark&#8221;]<\/p>\n<p>&nbsp;<\/p>\n<p>&nbsp;<\/p>\n<p>&nbsp;<\/p>\n<p>&nbsp;<\/p>\n<p>Prin cernelurile ce vi le recomandam&#8230;calitatea va face diferenta la detaliile &#8230;<\/p>\n<p>&nbsp;<\/p>\n<p>&nbsp;<\/p>\n<p>[\/et_pb_slide][et_pb_slide heading=&#8221;Materiale Print&#8221; button_text=&#8221;Click&#8221; button_link=&#8221;http:\/\/printservice.ro\/printservice\/materiale-print\/&#8221; image=&#8221;http:\/\/printservice.ro\/printservice\/wp-content\/uploads\/2017\/06\/background-1624027_1920.jpg&#8221; use_bg_overlay=&#8221;off&#8221; use_text_overlay=&#8221;on&#8221; text_overlay_color=&#8221;rgba(0,0,0,0.12)&#8221; _builder_version=&#8221;3.0.89&#8243; header_font=&#8221;||||&#8221; header_text_color=&#8221;#e02b20&#8243; body_font=&#8221;Bevan|on|on||&#8221; body_font_size_tablet=&#8221;43px&#8221; body_font_size_phone=&#8221;43px&#8221; body_text_color=&#8221;#ff530d&#8221; body_line_height=&#8221;2.2em&#8221; body_line_height_tablet=&#8221;2.2em&#8221; body_line_height_phone=&#8221;2.2em&#8221; background_color=&#8221;#efefef&#8221; custom_button=&#8221;off&#8221;]<\/p>\n<p>&nbsp;<\/p>\n<p>&nbsp;<\/p>\n<h4>materialele print recomandate de noi sunt atent alese si verificate &#8230;etc etc tec<\/h4>\n<p>&nbsp;<\/p>\n<p>[\/et_pb_slide][et_pb_slide heading=&#8221;Autocolante&#8221; button_text=&#8221;Click&#8221; image=&#8221;http:\/\/printservice.ro\/printservice\/wp-content\/uploads\/2017\/06\/background-2430816_1920.jpg&#8221; use_bg_overlay=&#8221;off&#8221; use_text_overlay=&#8221;on&#8221; text_overlay_color=&#8221;rgba(0,0,0,0.12)&#8221; admin_title=&#8221;Autocolante&#8221; _builder_version=&#8221;3.0.89&#8243; header_font=&#8221;||||&#8221; header_text_color=&#8221;#e02b20&#8243; body_font=&#8221;Bevan|on|on||&#8221; body_font_size=&#8221;43px&#8221; body_font_size_tablet=&#8221;43px&#8221; body_font_size_phone=&#8221;43px&#8221; body_text_color=&#8221;#ff530d&#8221; body_line_height=&#8221;2.2em&#8221; body_line_height_tablet=&#8221;2.2em&#8221; body_line_height_phone=&#8221;2.2em&#8221; background_color=&#8221;#efefef&#8221; custom_button=&#8221;off&#8221;]<\/p>\n<p>&nbsp;<\/p>\n<h4>Autocolante\u00a0de calitate \u00a0&#8230;etc etc tec<\/h4>\n<p>&nbsp;<\/p>\n<p>[\/et_pb_slide]<\/p>\n<p>[\/et_pb_fullwidth_slider][\/et_pb_section][et_pb_section bb_built=&#8221;1&#8243; background_color=&#8221;#ebeada&#8221; _builder_version=&#8221;3.0.53&#8243;][et_pb_row make_equal=&#8221;on&#8221; background_color_1=&#8221;#efefef&#8221; background_color_2=&#8221;#efefef&#8221; padding_bottom_1=&#8221;20px&#8221; padding_bottom_2=&#8221;20px&#8221; background_position_1=&#8221;top_left&#8221; background_position_2=&#8221;top_left&#8221; background_repeat_1=&#8221;no-repeat&#8221; background_repeat_2=&#8221;no-repeat&#8221; custom_css_main_1=&#8221;-webkit-border-radius: 30px 30px 30px 30px;&#8221; custom_css_main_2=&#8221;-webkit-border-radius: 30px 30px 30px 30px;&#8221; module_class=&#8221;material&#8221; _builder_version=&#8221;3.0.53&#8243; custom_padding=&#8221;221px|15px|27px|15px&#8221;][et_pb_column type=&#8221;1_2&#8243;][et_pb_image src=&#8221;http:\/\/printservice.ro\/printservice\/wp-content\/uploads\/2017\/06\/Qi-Jet-New.png&#8221; show_bottom_space=&#8221;off&#8221; align=&#8221;center&#8221; _builder_version=&#8221;3.0.53&#8243; custom_margin=&#8221;0px|||&#8221; animation_style=&#8221;fade&#8221; animation_duration=&#8221;500ms&#8221; border_style=&#8221;solid&#8221; animation=&#8221;fade_in&#8221; sticky=&#8221;on&#8221; animation_direction=&#8221;center&#8221; animation_intensity_slide=&#8221;10%&#8221;]<\/p>\n<p>&nbsp;<\/p>\n<p>[\/et_pb_image][et_pb_button button_url=&#8221;http:\/\/printservice.ro\/printservice\/imprimante\/imprimante-solvent\/&#8221; url_new_window=&#8221;on&#8221; button_text=&#8221;Mai multe&#8230;&#8221; button_alignment=&#8221;center&#8221; _builder_version=&#8221;3.0.53&#8243; custom_button=&#8221;on&#8221; button_text_size=&#8221;24&#8243; button_text_color=&#8221;#ffffff&#8221; button_bg_color=&#8221;#ff530d&#8221; button_border_radius=&#8221;0&#8243; button_icon=&#8221;%%26%%&#8221; button_on_hover=&#8221;off&#8221;]<\/p>\n<p>&nbsp;<\/p>\n<p>[\/et_pb_button][et_pb_text _builder_version=&#8221;3.0.53&#8243; text_orientation=&#8221;center&#8221; module_alignment=&#8221;center&#8221; custom_padding=&#8221;10px|10px|10px|10px&#8221; border_style=&#8221;solid&#8221;]<\/p>\n<p>avem o imprimanta de ultim\u0103 genera\u021bie !<\/p>\n<p>[\/et_pb_text][\/et_pb_column][et_pb_column type=&#8221;1_2&#8243;][et_pb_image src=&#8221;http:\/\/printservice.ro\/printservice\/wp-content\/uploads\/2017\/06\/Qi-Jet.png&#8221; show_bottom_space=&#8221;off&#8221; align=&#8221;center&#8221; _builder_version=&#8221;3.0.53&#8243; custom_margin=&#8221;0px|||&#8221; animation_style=&#8221;fade&#8221; animation_duration=&#8221;500ms&#8221; border_style=&#8221;solid&#8221; animation=&#8221;fade_in&#8221; sticky=&#8221;on&#8221; animation_direction=&#8221;center&#8221; animation_intensity_slide=&#8221;10%&#8221;]<\/p>\n<p>&nbsp;<\/p>\n<p>[\/et_pb_image][et_pb_button button_url=&#8221;http:\/\/printservice.ro\/printservice\/imprimante\/imprimante-solvent\/&#8221; url_new_window=&#8221;on&#8221; button_text=&#8221;Mai multe&#8230;&#8221; button_alignment=&#8221;center&#8221; _builder_version=&#8221;3.0.53&#8243; custom_button=&#8221;on&#8221; button_text_size=&#8221;24&#8243; button_text_color=&#8221;#ffffff&#8221; button_bg_color=&#8221;#ff530d&#8221; button_border_radius=&#8221;0&#8243; button_icon=&#8221;%%26%%&#8221; button_on_hover=&#8221;off&#8221;]<\/p>\n<p>&nbsp;<\/p>\n<p>[\/et_pb_button][et_pb_text _builder_version=&#8221;3.0.53&#8243; text_orientation=&#8221;center&#8221; module_alignment=&#8221;center&#8221; custom_padding=&#8221;10px|10px|10px|10px&#8221; border_style=&#8221;solid&#8221;]<\/p>\n<p>avem o imprimanta de ultim\u0103 genera\u021bie !<\/p>\n<p>[\/et_pb_text][\/et_pb_column][\/et_pb_row][et_pb_row _builder_version=&#8221;3.0.47&#8243; background_size=&#8221;initial&#8221; background_position=&#8221;top_left&#8221; background_repeat=&#8221;repeat&#8221;][et_pb_column type=&#8221;4_4&#8243;][et_pb_testimonial admin_label=&#8221;Testimonial Mihail&#8221; author=&#8221;Tiberiu T\u0103nase Mihail, CEO PrintService&#8221; portrait_url=&#8221;http:\/\/printservice.ro\/printservice\/wp-content\/uploads\/2017\/06\/background-1624027_1920.jpg&#8221; background_color=&#8221;#efefef&#8221; background_layout=&#8221;light&#8221; portrait_width=&#8221;200&#8243; portrait_height=&#8221;75&#8243; _builder_version=&#8221;3.0.53&#8243; body_font=&#8221;Roboto||on||&#8221; body_font_size=&#8221;20&#8243; body_text_color=&#8221;#3f5765&#8243; background_size=&#8221;initial&#8221; background_position=&#8221;top_left&#8221; background_repeat=&#8221;repeat&#8221; border_radii_portrait=&#8221;on|10px|10px|10px|10px&#8221; text_orientation=&#8221;justified&#8221; custom_padding=&#8221;|30px||&#8221; custom_css_main_element=&#8221;box-shadow: 0px 1px 18px rgba(23, 23, 23, 0.17);||-moz-border-radius: 30px 30px 30px 30px;|| -webkit-border-radius: 30px 30px 30px 30px;|| border-radius: 30px 30px 30px 30px;|| -moz-box-shadow: 0px 1px 18px rgba(23, 23, 23, 0.17);|| -webkit-box-shadow: 0px 1px 18px rgba(23, 23, 23, 0.17);||||&#8221; border_style=&#8221;solid&#8221; portrait_border_radius=&#8221;10&#8243;]<\/p>\n<h1><\/h1>\n<h1><\/h1>\n<h1><\/h1>\n<h1>&#8221;\u00a0<strong>TR\u0102IE\u0218TE\u00a0CALITATEA &#8211;<\/strong><\/h1>\n<h2>Acesta este motto-ul nostru, pentru ca \u00eenainte de a fi comercializat orice produs este mai \u00eent\u00e2i testat cu maxim\u0103 aten\u021bie \u0219i comparat cu produse similare existente pe pia\u021b\u0103, urm\u00e2nd ca dac\u0103 produsul este de calitate \u0219i aduce ceva nou av\u00e2nd \u0219i un pre\u021b rezonabil s\u0103 \u00eel prelu\u0103m \u00een gama noastr\u0103 de produse.&#8221;<\/h2>\n<p>[\/et_pb_testimonial][\/et_pb_column][\/et_pb_row][\/et_pb_section]<\/p>\n","protected":false},"excerpt":{"rendered":"<p>&nbsp; &nbsp; \u00a0oferim suport pentru imprimante de calitate \u00a0&#8230;etc etc tec &nbsp; &nbsp; &nbsp; &nbsp; &nbsp; &nbsp; &nbsp; Prin cernelurile ce vi le recomandam&#8230;calitatea va face diferenta la detaliile &#8230; &nbsp; &nbsp; &nbsp; &nbsp; materialele print recomandate de noi sunt atent alese si verificate &#8230;etc etc tec &nbsp; &nbsp; Autocolante\u00a0de calitate \u00a0&#8230;etc etc tec &nbsp; [&hellip;]<\/p>\n","protected":false},"author":1,"featured_media":78,"parent":0,"menu_order":0,"comment_status":"closed","ping_status":"closed","template":"","meta":{"_et_pb_use_builder":"on","_et_pb_old_content":"","_et_gb_content_width":"","footnotes":""},"class_list":["post-42","page","type-page","status-publish","has-post-thumbnail","hentry"],"post_mailing_queue_ids":[],"_links":{"self":[{"href":"http:\/\/printservice.ro\/printservice\/wp-json\/wp\/v2\/pages\/42","targetHints":{"allow":["GET"]}}],"collection":[{"href":"http:\/\/printservice.ro\/printservice\/wp-json\/wp\/v2\/pages"}],"about":[{"href":"http:\/\/printservice.ro\/printservice\/wp-json\/wp\/v2\/types\/page"}],"author":[{"embeddable":true,"href":"http:\/\/printservice.ro\/printservice\/wp-json\/wp\/v2\/users\/1"}],"replies":[{"embeddable":true,"href":"http:\/\/printservice.ro\/printservice\/wp-json\/wp\/v2\/comments?post=42"}],"version-history":[{"count":266,"href":"http:\/\/printservice.ro\/printservice\/wp-json\/wp\/v2\/pages\/42\/revisions"}],"predecessor-version":[{"id":2306,"href":"http:\/\/printservice.ro\/printservice\/wp-json\/wp\/v2\/pages\/42\/revisions\/2306"}],"wp:featuredmedia":[{"embeddable":true,"href":"http:\/\/printservice.ro\/printservice\/wp-json\/wp\/v2\/media\/78"}],"wp:attachment":[{"href":"http:\/\/printservice.ro\/printservice\/wp-json\/wp\/v2\/media?parent=42"}],"curies":[{"name":"wp","href":"https:\/\/api.w.org\/{rel}","templated":true}]}}